{"id":100,"date":"2020-04-10T08:31:27","date_gmt":"2020-04-10T08:31:27","guid":{"rendered":"http:\/\/wordpress.impact-plus.de\/?page_id=100"},"modified":"2020-06-03T11:47:27","modified_gmt":"2020-06-03T11:47:27","slug":"lehrveranstaltungen","status":"publish","type":"page","link":"http:\/\/wordpress.impact-plus.de\/?page_id=100","title":{"rendered":"Methoden bei Trainings und Lehrveranstaltungen"},"content":{"rendered":"<p>Ver\u00e4nderungen werden nur begrenzt \u00fcber theoretische Wissensvermittlung vorbereitet. Motivation, Ein\u00fcbung und Erfahrungsaustausch mit anderen\u2013 und manchmal auch Selbsterfahrung \u2013 sind meist noch wichtiger f\u00fcr die Umsetzung von Ver\u00e4nderungen. Darum haben partizipative und teilnehmer*innennorientierte Methoden in meinen Trainings und Lehrveranstaltungen einen hohen Stellenwert.<\/p>\n<p>Die Trainings und Lehrveranstaltungen finden meist als Blockseminar statt. Sie beinhalten einen Mix aus unterschiedlichen Instrumenten, zu denen Inputs \/ Lehrvortr\u00e4ge, Einzel-, Gruppen- und Plenumsarbeiten mit Buzz-Groups, Fishbowl, aber auch Elemente der Zukunftswerkstatt, des World-Caf\u00e9s, teilweise Open Space geh\u00f6ren. Ich arbeite mit Rollenspielen, bei Kommunikationstrainings auch mit Video-Aufzeichnungen.<\/p>\n","protected":false},"excerpt":{"rendered":"<p>Ver\u00e4nderungen werden nur begrenzt \u00fcber theoretische Wissensvermittlung vorbereitet. Motivation, Ein\u00fcbung und Erfahrungsaustausch mit anderen\u2013 und manchmal auch Selbsterfahrung \u2013 sind meist noch wichtiger f\u00fcr die Umsetzung von Ver\u00e4nderungen. Darum haben partizipative und teilnehmer*innennorientierte Methoden in meinen Trainings und Lehrveranstaltungen einen hohen Stellenwert. Die Trainings und Lehrveranstaltungen finden meist als Blockseminar statt. Sie beinhalten einen Mix &hellip;<\/p>\n<p class=\"read-more\"> <a class=\"\" href=\"http:\/\/wordpress.impact-plus.de\/?page_id=100\"> <span class=\"screen-reader-text\">Methoden bei Trainings und Lehrveranstaltungen<\/span> Weiterlesen &raquo;<\/a><\/p>\n","protected":false},"author":1,"featured_media":0,"parent":0,"menu_order":0,"comment_status":"closed","ping_status":"closed","template":"","meta":{"footnotes":""},"class_list":["post-100","page","type-page","status-publish","hentry"],"_links":{"self":[{"href":"http:\/\/wordpress.impact-plus.de\/index.php?rest_route=\/wp\/v2\/pages\/100","targetHints":{"allow":["GET"]}}],"collection":[{"href":"http:\/\/wordpress.impact-plus.de\/index.php?rest_route=\/wp\/v2\/pages"}],"about":[{"href":"http:\/\/wordpress.impact-plus.de\/index.php?rest_route=\/wp\/v2\/types\/page"}],"author":[{"embeddable":true,"href":"http:\/\/wordpress.impact-plus.de\/index.php?rest_route=\/wp\/v2\/users\/1"}],"replies":[{"embeddable":true,"href":"http:\/\/wordpress.impact-plus.de\/index.php?rest_route=%2Fwp%2Fv2%2Fcomments&post=100"}],"version-history":[{"count":4,"href":"http:\/\/wordpress.impact-plus.de\/index.php?rest_route=\/wp\/v2\/pages\/100\/revisions"}],"predecessor-version":[{"id":434,"href":"http:\/\/wordpress.impact-plus.de\/index.php?rest_route=\/wp\/v2\/pages\/100\/revisions\/434"}],"wp:attachment":[{"href":"http:\/\/wordpress.impact-plus.de\/index.php?rest_route=%2Fwp%2Fv2%2Fmedia&parent=100"}],"curies":[{"name":"wp","href":"https:\/\/api.w.org\/{rel}","templated":true}]}}