{"id":102,"date":"2020-04-10T08:31:49","date_gmt":"2020-04-10T08:31:49","guid":{"rendered":"http:\/\/wordpress.impact-plus.de\/?page_id=102"},"modified":"2020-06-03T11:46:07","modified_gmt":"2020-06-03T11:46:07","slug":"ngo-ideas","status":"publish","type":"page","link":"http:\/\/wordpress.impact-plus.de\/?page_id=102","title":{"rendered":"NGO-IDEAs"},"content":{"rendered":"<p>Sofern im internationalen Kontext Familien, Gruppen oder Basisorganisationen an der Planung aktiv partizipieren, verwende ich Methoden aus dem Instrumentarium von <a href=\"https:\/\/venro.org\/themen\/wirkungsorientierung\/projekt-ngo-ideas\" target=\"_blank\" rel=\"noopener noreferrer\">NGO-IDEAs<\/a>. Der Ansatz arbeitet mit Instrumenten des Participatory Rapid Appraisal (PRA). Vier Instrumente bilden einen Projektzyklus ab:<\/p>\n<ul>\n<li>eine differenzierende Situationsanalyse<\/li>\n<li>die Vereinbarung von individuellen Zielen<\/li>\n<li>die Vereinbarung von gemeinschaftlichen Zielen<\/li>\n<li>sowie eine Anleitung zu Analyse und Reflexion.<\/li>\n<\/ul>\n<p>Der Initiator von Impact Plus, der promovierte Soziologe und Volkswirtschaftler Eberhard Gohl, konzipierte im Auftrag von <a href=\"https:\/\/www.venro.org\/start\" target=\"_blank\" rel=\"noopener noreferrer\">VENRO<\/a>, dem Bundesverband entwicklungspolitischer und humanit\u00e4rer Nichtregierungsorganisationen in Deutschland zusammen mit unz\u00e4hligen Nichtregierungsorganisationen in S\u00fcdasien, Ostafrika und Lateinamerika teilnehmendenorientierte, partizipative und einfach zu handhabende Planungs-, Monitoring- und Evaluationstools. Diese dienen der wirkungsorientierten Projektsteuerung von Basisorganisationen und kleinen und mittleren NRO.<\/p>\n<p>\u00dcbersetzungen der ausf\u00fchrlichen und der einfachen Version liegen auf <a href=\"https:\/\/venro.org\/fileadmin\/user_upload\/Dateien\/Daten\/Publikationen\/Sonstige\/Englischer_Text_Unterseite_VENRO.pdf\" target=\"_blank\" rel=\"noopener noreferrer\">Englisch<\/a> und <a href=\"https:\/\/venro.org\/fileadmin\/user_upload\/Dateien\/Daten\/Publikationen\/Sonstige\/Spanischer_Text_Unterseite_VENRO.pdf\" target=\"_blank\" rel=\"noopener noreferrer\">Spanisch <\/a>vor.<\/p>\n","protected":false},"excerpt":{"rendered":"<p>Sofern im internationalen Kontext Familien, Gruppen oder Basisorganisationen an der Planung aktiv partizipieren, verwende ich Methoden aus dem Instrumentarium von NGO-IDEAs. Der Ansatz arbeitet mit Instrumenten des Participatory Rapid Appraisal (PRA). Vier Instrumente bilden einen Projektzyklus ab: eine differenzierende Situationsanalyse die Vereinbarung von individuellen Zielen die Vereinbarung von gemeinschaftlichen Zielen sowie eine Anleitung zu Analyse &hellip;<\/p>\n<p class=\"read-more\"> <a class=\"\" href=\"http:\/\/wordpress.impact-plus.de\/?page_id=102\"> <span class=\"screen-reader-text\">NGO-IDEAs<\/span> Weiterlesen &raquo;<\/a><\/p>\n","protected":false},"author":1,"featured_media":0,"parent":0,"menu_order":0,"comment_status":"closed","ping_status":"closed","template":"","meta":{"footnotes":""},"class_list":["post-102","page","type-page","status-publish","hentry"],"_links":{"self":[{"href":"http:\/\/wordpress.impact-plus.de\/index.php?rest_route=\/wp\/v2\/pages\/102","targetHints":{"allow":["GET"]}}],"collection":[{"href":"http:\/\/wordpress.impact-plus.de\/index.php?rest_route=\/wp\/v2\/pages"}],"about":[{"href":"http:\/\/wordpress.impact-plus.de\/index.php?rest_route=\/wp\/v2\/types\/page"}],"author":[{"embeddable":true,"href":"http:\/\/wordpress.impact-plus.de\/index.php?rest_route=\/wp\/v2\/users\/1"}],"replies":[{"embeddable":true,"href":"http:\/\/wordpress.impact-plus.de\/index.php?rest_route=%2Fwp%2Fv2%2Fcomments&post=102"}],"version-history":[{"count":9,"href":"http:\/\/wordpress.impact-plus.de\/index.php?rest_route=\/wp\/v2\/pages\/102\/revisions"}],"predecessor-version":[{"id":433,"href":"http:\/\/wordpress.impact-plus.de\/index.php?rest_route=\/wp\/v2\/pages\/102\/revisions\/433"}],"wp:attachment":[{"href":"http:\/\/wordpress.impact-plus.de\/index.php?rest_route=%2Fwp%2Fv2%2Fmedia&parent=102"}],"curies":[{"name":"wp","href":"https:\/\/api.w.org\/{rel}","templated":true}]}}