{"id":112,"date":"2020-04-10T08:35:38","date_gmt":"2020-04-10T08:35:38","guid":{"rendered":"http:\/\/wordpress.impact-plus.de\/?page_id=112"},"modified":"2020-08-02T12:14:32","modified_gmt":"2020-08-02T12:14:32","slug":"menschenrechte-als-grundlage","status":"publish","type":"page","link":"http:\/\/wordpress.impact-plus.de\/?page_id=112","title":{"rendered":"Menschenrechte als Grundlage"},"content":{"rendered":"<p>Durch meine Arbeit als sog. Entwicklungshelferin in einem Fl\u00fcchtlingslager in Honduras, durch eine qualifizierte Fortbildung zu den Menschenrechten der 1. und 2. Generation am Instituto Interamericano de Derechos Humanos in Costa Rica und durch praktische Mitarbeit in verschiedenen Menschenrechtsorganisationen (u.a. <a href=\"https:\/\/www.fespad.org.sv\/\" target=\"_blank\" rel=\"noopener noreferrer\">FESPAD, <\/a>El Salvador, <a href=\"http:\/\/www.elrescate.org\" target=\"_blank\" rel=\"noopener noreferrer\">El Rescate<\/a>, USA; <a href=\"https:\/\/www.brot-fuer-die-welt.de\" target=\"_blank\" rel=\"noopener noreferrer\">Menschenrechtsreferat eines weltweit t\u00e4tigen Entwicklungswerkes<\/a> in Deutschland) weise ich theoretische Kenntnis und jahrelange praktische Erfahrung in der Menschenrechtsarbeit auf.<\/p>\n<p>Mein Anliegen ist es, mit meiner Beratung zum Schutz der Menschenrechte, ihrer Umsetzung und Weiterentwicklung beizutragen.<\/p>\n<p>Viele Vorhaben im Bereich Menschenrechte, ziviler Konfliktbearbeitung und Bildung sind durch das starke Engagement der Akteur*innen \u00a0sowie durch die besonders hohe Komplexit\u00e4t des Umfeldes gepr\u00e4gt. Mitarbeitende in Menschenrechtsorganisationen laufen oft Gefahr, in Aktionismus zu verfallen. Auch wenn manchmal schnell reagiert werden muss, helfen strukturierte Situationsanalyse, Planung und Monitoring die Wirksamkeit erheblich zu erh\u00f6hen. Meine Evaluationen von Menschenrechtsprogrammen dienen dazu, die Wirksamkeit der durchgef\u00fchrten Ma\u00dfnahmen zu erkennen und aus den Erfahrungen zu lernen.<\/p>\n","protected":false},"excerpt":{"rendered":"<p>Durch meine Arbeit als sog. Entwicklungshelferin in einem Fl\u00fcchtlingslager in Honduras, durch eine qualifizierte Fortbildung zu den Menschenrechten der 1. und 2. Generation am Instituto Interamericano de Derechos Humanos in Costa Rica und durch praktische Mitarbeit in verschiedenen Menschenrechtsorganisationen (u.a. FESPAD, El Salvador, El Rescate, USA; Menschenrechtsreferat eines weltweit t\u00e4tigen Entwicklungswerkes in Deutschland) weise ich &hellip;<\/p>\n<p class=\"read-more\"> <a class=\"\" href=\"http:\/\/wordpress.impact-plus.de\/?page_id=112\"> <span class=\"screen-reader-text\">Menschenrechte als Grundlage<\/span> Weiterlesen &raquo;<\/a><\/p>\n","protected":false},"author":1,"featured_media":0,"parent":0,"menu_order":0,"comment_status":"closed","ping_status":"closed","template":"","meta":{"footnotes":""},"class_list":["post-112","page","type-page","status-publish","hentry"],"_links":{"self":[{"href":"http:\/\/wordpress.impact-plus.de\/index.php?rest_route=\/wp\/v2\/pages\/112","targetHints":{"allow":["GET"]}}],"collection":[{"href":"http:\/\/wordpress.impact-plus.de\/index.php?rest_route=\/wp\/v2\/pages"}],"about":[{"href":"http:\/\/wordpress.impact-plus.de\/index.php?rest_route=\/wp\/v2\/types\/page"}],"author":[{"embeddable":true,"href":"http:\/\/wordpress.impact-plus.de\/index.php?rest_route=\/wp\/v2\/users\/1"}],"replies":[{"embeddable":true,"href":"http:\/\/wordpress.impact-plus.de\/index.php?rest_route=%2Fwp%2Fv2%2Fcomments&post=112"}],"version-history":[{"count":14,"href":"http:\/\/wordpress.impact-plus.de\/index.php?rest_route=\/wp\/v2\/pages\/112\/revisions"}],"predecessor-version":[{"id":904,"href":"http:\/\/wordpress.impact-plus.de\/index.php?rest_route=\/wp\/v2\/pages\/112\/revisions\/904"}],"wp:attachment":[{"href":"http:\/\/wordpress.impact-plus.de\/index.php?rest_route=%2Fwp%2Fv2%2Fmedia&parent=112"}],"curies":[{"name":"wp","href":"https:\/\/api.w.org\/{rel}","templated":true}]}}