{"id":143,"date":"2020-04-10T08:41:51","date_gmt":"2020-04-10T08:41:51","guid":{"rendered":"http:\/\/wordpress.impact-plus.de\/?page_id=143"},"modified":"2020-10-27T16:45:18","modified_gmt":"2020-10-27T16:45:18","slug":"einige-veroeffentlichungen","status":"publish","type":"page","link":"http:\/\/wordpress.impact-plus.de\/?page_id=143","title":{"rendered":"Einige Ver\u00f6ffentlichungen"},"content":{"rendered":"<ul>\n<li>Unz\u00e4hlige thematische Flyer seit 1996<\/li>\n<li>In: Andheri Hilfe: Hilfe zur Selbsthilfe hei\u00dft Selbstwirksamkeit sichtbar machen, Jahresbericht 2019 (zusammen mit Eberhard Gohl)<\/li>\n<li>In: Semester \u2013 Das Magazin der Hochschule: Diversity meint Vielfalt, Heft 13, Winter 12\/13<\/li>\n<li>In: Brot f\u00fcr die Welt: Der Ferne N\u00e4chste: \u00d6kumenisches Stipendienprogramm unterst\u00fctzt Kaingang in Brasilien, Stuttgart, 01\/2010<\/li>\n<li>In: Diakonisches Werk der EKD: Dialog 1: Gender Mainstreaming konkret: SAMVADA \u2013 Dialog und Begegnung gegen Ausgrenzung, Stuttgart 2009<\/li>\n<li>http:\/\/www.brot-fuer-die-welt.de\/downloads\/fachinformationen\/dialog01_gender-mainstreaming.pdf<\/li>\n<li>In: Brot f\u00fcr die Welt: Wirkungen, Erfahrungen, Lernprozesse, Frankfurt am Main, 2008: Rolle der Frau im Entwicklungsprozess: Der lange Weg zur Geschlechtergerechtigkeit<\/li>\n<li>Forum der Kulturen (Hg.): Interkulturelle und informell erworbene Kompetenzen von MigrantInnen im betrieblichen Kontext &#8211; Eine explorative Studie im Auftrag von EQUAL Entwicklungspartnerschaft, Stuttgart 2007<\/li>\n<li>Diakonisches Werk der EKD: Zehn Jahre Geschlechtergerechtigkeit im Diakonischen Werk der EKD, 2007<\/li>\n<li>In: Katholische Jugendsozialarbeit: Gender Mainstreaming f\u00fcr Dienststellen und Organisationen, D\u00fcsseldorf 2005: Praxistipps zur Umsetzung von Gender Mainstreaming<\/li>\n<li>In: Mitteilungen f\u00fcr die Arbeitsgemeinschaft der Mitarbeitervertretungen, Stuttgart 2005: Sprache als Ausdruck von Herrschaftsverh\u00e4ltnissen<\/li>\n<li>In: Katholische Jugendsozialarbeit, D\u00fcsseldorf 2005: Praxistipps zur Umsetzung von Gender Mainstreaming \u2013 \u00dcbungen und Checklisten<\/li>\n<li>Diakonie Impulse, Magazin f\u00fcr F\u00fchrungskr\u00e4fte 3\/2004: Gender Mainstreaming wird Teil der Arbeit vor Ort<\/li>\n<li>Diakonisches Werk der EKD: Handreichung zur Besetzung von Gremien, Hannover 2004<\/li>\n<li>EREV-Schriftenreihe 1\/2004: Gender in der P\u00e4dagogik<\/li>\n<li>In: Netzwerk Gender Training (Hg.), K\u00f6nigsstein\/Taunus 2004: Geschlechterverh\u00e4ltnisse bewegen \u2013 Erfahrungen mit Gender Training: Gender Mainstreaming \u2013 Zauberstrategie auf dem Weg zur Geschlechtergerechtigkeit?!<\/li>\n<li>Gendergerechte Verkehrsplanung in Baden-W\u00fcrttemberg, Konzeption und Mitarbeit an einer Studie im Auftrag des Sozialministeriums Baden-W\u00fcrttemberg in Zusammenarbeit mit der Akademie f\u00fcr Technikfolgenabsch\u00e4tzung, Stuttgart 2002 (http:\/\/elib.uni-stuttgart.de\/opus\/volltexte\/2004\/1719\/pdf\/ab220.pdf)<\/li>\n<\/ul>\n<p>&nbsp;<\/p>\n","protected":false},"excerpt":{"rendered":"<p>Unz\u00e4hlige thematische Flyer seit 1996 In: Andheri Hilfe: Hilfe zur Selbsthilfe hei\u00dft Selbstwirksamkeit sichtbar machen, Jahresbericht 2019 (zusammen mit Eberhard Gohl) In: Semester \u2013 Das Magazin der Hochschule: Diversity meint Vielfalt, Heft 13, Winter 12\/13 In: Brot f\u00fcr die Welt: Der Ferne N\u00e4chste: \u00d6kumenisches Stipendienprogramm unterst\u00fctzt Kaingang in Brasilien, Stuttgart, 01\/2010 In: Diakonisches Werk der &hellip;<\/p>\n<p class=\"read-more\"> <a class=\"\" href=\"http:\/\/wordpress.impact-plus.de\/?page_id=143\"> <span class=\"screen-reader-text\">Einige Ver\u00f6ffentlichungen<\/span> Weiterlesen &raquo;<\/a><\/p>\n","protected":false},"author":1,"featured_media":0,"parent":0,"menu_order":0,"comment_status":"closed","ping_status":"closed","template":"","meta":{"footnotes":""},"class_list":["post-143","page","type-page","status-publish","hentry"],"_links":{"self":[{"href":"http:\/\/wordpress.impact-plus.de\/index.php?rest_route=\/wp\/v2\/pages\/143","targetHints":{"allow":["GET"]}}],"collection":[{"href":"http:\/\/wordpress.impact-plus.de\/index.php?rest_route=\/wp\/v2\/pages"}],"about":[{"href":"http:\/\/wordpress.impact-plus.de\/index.php?rest_route=\/wp\/v2\/types\/page"}],"author":[{"embeddable":true,"href":"http:\/\/wordpress.impact-plus.de\/index.php?rest_route=\/wp\/v2\/users\/1"}],"replies":[{"embeddable":true,"href":"http:\/\/wordpress.impact-plus.de\/index.php?rest_route=%2Fwp%2Fv2%2Fcomments&post=143"}],"version-history":[{"count":3,"href":"http:\/\/wordpress.impact-plus.de\/index.php?rest_route=\/wp\/v2\/pages\/143\/revisions"}],"predecessor-version":[{"id":906,"href":"http:\/\/wordpress.impact-plus.de\/index.php?rest_route=\/wp\/v2\/pages\/143\/revisions\/906"}],"wp:attachment":[{"href":"http:\/\/wordpress.impact-plus.de\/index.php?rest_route=%2Fwp%2Fv2%2Fmedia&parent=143"}],"curies":[{"name":"wp","href":"https:\/\/api.w.org\/{rel}","templated":true}]}}