{"id":322,"date":"2020-05-26T14:16:03","date_gmt":"2020-05-26T14:16:03","guid":{"rendered":"http:\/\/wordpress.impact-plus.de\/?page_id=322"},"modified":"2020-06-04T07:11:33","modified_gmt":"2020-06-04T07:11:33","slug":"mein-konzept","status":"publish","type":"page","link":"http:\/\/wordpress.impact-plus.de\/?page_id=322","title":{"rendered":"Konzept"},"content":{"rendered":"<p>Systemisch &#8211; Dialogisch &#8211; Divers und Intersektional &#8211; Prozessorientiert<\/p>\n<p>SYSTEMISCH<\/p>\n<p>Impact Plus verfolgt einen systemischen Beratungssansatz, der alle Beteiligten auf individueller Ebene und auch als Gruppe einbezieht und dabei das &#8222;System als Ganzes&#8220; im Blick hat. Es st\u00e4rkt Resilienz und Selbstverantwortung und ermutigt zum Handeln, nach dem Grundsatz &#8222;Nimm die Situation an, \u00e4ndere sie oder (ver-)lasse sie. Love it, change it or leave it.&#8220;\u00a0 Durch meine Beratung und Ihre Intervention ver\u00e4ndern wir ein oder mehrere Elemente in einem gr\u00f6\u00dferen System. Diese Intervention hat Auswirkungen auf Ganze. Gemeinsam bewerten wir die Herangehensweise und m\u00f6gliche Konsequenzen. Danach treffen Sie die Entscheidung, welchen Weg Sie gehen wollen.<\/p>\n<p>DIALOGISCH<\/p>\n<p>Mehrere Akteur*innen haben unterschiedliche Wahrnehmungen und Interessen. Im Dialog erkunden und bewerten wir diese gemeinsam. Was nehmen die Einzelnen wahr und welche Schlussfolgerungen ziehen sie? Mein Ziel ist es, einen gemeinsamen Lernprozess zu gestalten, auch wenn sich Interessen teilweise unterscheiden. Es gilt: Erst differenzieren, dann integrieren.<\/p>\n<p>DIVERS UND INTERSEKTIONAL<\/p>\n<p>Die Beratung von Organisationen, in denen Menschen unterschiedlicher sozialer und kultureller Herkunft, unterschiedlichen Alters, verschiedenen Geschlechts und k\u00f6rperlichen M\u00f6glichkeiten arbeiten, setzt voraus, diese Vielfalt zu erkennen und sie zu achten, sich Gleichzeitigkeiten und \u00dcberschneidungen klarzumachen. Auch wenn es weltweit \u00c4hnlichkeiten in der Wahrnehmung von Diversit\u00e4t gibt, fordern diese Besonderheiten immer wieder dazu auf, deren Implikationen auf individueller und struktureller Ebene herauszuarbeiten. Dies gilt sowohl f\u00fcr kirchliche als auch f\u00fcr s\u00e4kulare Organisationen.<\/p>\n<p>PROZESSORIENTIERT<\/p>\n<p>In Ver\u00e4nderungsprozessen hei\u00dft es im ersten Schritt, eine Vision zu entwickeln, Ziele zu kl\u00e4ren, ohne dass die einzelnen Ma\u00dfnahmen bereits konkret festgelegt sind. Erst nach und nach k\u00f6nnen die Einzelschritte beschrieben werden. Nach jedem Schritt schaue ich mit den Beteiligten, wie sich das Zusammenspiel und das miteinander Arbeiten auswirkt und welches die n\u00e4chsten Schritte sein k\u00f6nnen.<\/p>\n","protected":false},"excerpt":{"rendered":"<p>Systemisch &#8211; Dialogisch &#8211; Divers und Intersektional &#8211; Prozessorientiert SYSTEMISCH Impact Plus verfolgt einen systemischen Beratungssansatz, der alle Beteiligten auf individueller Ebene und auch als Gruppe einbezieht und dabei das &#8222;System als Ganzes&#8220; im Blick hat. Es st\u00e4rkt Resilienz und Selbstverantwortung und ermutigt zum Handeln, nach dem Grundsatz &#8222;Nimm die Situation an, \u00e4ndere sie oder &hellip;<\/p>\n<p class=\"read-more\"> <a class=\"\" href=\"http:\/\/wordpress.impact-plus.de\/?page_id=322\"> <span class=\"screen-reader-text\">Konzept<\/span> Weiterlesen &raquo;<\/a><\/p>\n","protected":false},"author":1,"featured_media":0,"parent":0,"menu_order":0,"comment_status":"closed","ping_status":"closed","template":"","meta":{"footnotes":""},"class_list":["post-322","page","type-page","status-publish","hentry"],"_links":{"self":[{"href":"http:\/\/wordpress.impact-plus.de\/index.php?rest_route=\/wp\/v2\/pages\/322","targetHints":{"allow":["GET"]}}],"collection":[{"href":"http:\/\/wordpress.impact-plus.de\/index.php?rest_route=\/wp\/v2\/pages"}],"about":[{"href":"http:\/\/wordpress.impact-plus.de\/index.php?rest_route=\/wp\/v2\/types\/page"}],"author":[{"embeddable":true,"href":"http:\/\/wordpress.impact-plus.de\/index.php?rest_route=\/wp\/v2\/users\/1"}],"replies":[{"embeddable":true,"href":"http:\/\/wordpress.impact-plus.de\/index.php?rest_route=%2Fwp%2Fv2%2Fcomments&post=322"}],"version-history":[{"count":9,"href":"http:\/\/wordpress.impact-plus.de\/index.php?rest_route=\/wp\/v2\/pages\/322\/revisions"}],"predecessor-version":[{"id":456,"href":"http:\/\/wordpress.impact-plus.de\/index.php?rest_route=\/wp\/v2\/pages\/322\/revisions\/456"}],"wp:attachment":[{"href":"http:\/\/wordpress.impact-plus.de\/index.php?rest_route=%2Fwp%2Fv2%2Fmedia&parent=322"}],"curies":[{"name":"wp","href":"https:\/\/api.w.org\/{rel}","templated":true}]}}