{"id":497,"date":"2020-06-07T08:10:42","date_gmt":"2020-06-07T08:10:42","guid":{"rendered":"http:\/\/wordpress.impact-plus.de\/?page_id=497"},"modified":"2020-07-13T18:46:12","modified_gmt":"2020-07-13T18:46:12","slug":"servicios","status":"publish","type":"page","link":"http:\/\/wordpress.impact-plus.de\/?page_id=497","title":{"rendered":"Servicios"},"content":{"rendered":"<figure id=\"attachment_789\" aria-describedby=\"caption-attachment-789\" style=\"width: 278px\" class=\"wp-caption alignright\"><img loading=\"lazy\" decoding=\"async\" class=\"size-medium wp-image-789\" src=\"http:\/\/wordpress.impact-plus.de\/wp-content\/uploads\/2020\/07\/1_Col.-Strategieplan-1-278x300.jpg\" alt=\"\" width=\"278\" height=\"300\" srcset=\"http:\/\/wordpress.impact-plus.de\/wp-content\/uploads\/2020\/07\/1_Col.-Strategieplan-1-278x300.jpg 278w, http:\/\/wordpress.impact-plus.de\/wp-content\/uploads\/2020\/07\/1_Col.-Strategieplan-1-949x1024.jpg 949w, http:\/\/wordpress.impact-plus.de\/wp-content\/uploads\/2020\/07\/1_Col.-Strategieplan-1-768x829.jpg 768w, http:\/\/wordpress.impact-plus.de\/wp-content\/uploads\/2020\/07\/1_Col.-Strategieplan-1-1424x1536.jpg 1424w, http:\/\/wordpress.impact-plus.de\/wp-content\/uploads\/2020\/07\/1_Col.-Strategieplan-1-1898x2048.jpg 1898w\" sizes=\"auto, (max-width: 278px) 100vw, 278px\" \/><figcaption id=\"caption-attachment-789\" class=\"wp-caption-text\">Taller de planificaci\u00f3n estrat\u00e9gica<\/figcaption><\/figure>\n<p>En todas mis consultorias, sea en Alemania o en el contexto global, empezamos con una clarificaci\u00f3n de su encargo. Despu\u00e9s preparo una oferta a la medida describiendo sus objetivos y como yo puedo apoyarle en conseguirlos. Esta oferta ser\u00e1 la base para nuestro seguimiento de los resultados saliendo del proceso de consultor\u00eda.<\/p>\n<p>Es muy importante para m\u00ed como consultora sist\u00e9mica organizacional explorar el contexto en el cual Ud. trabaja. Juntos vamos a evaluar posibles enfoques y sus consecuencias. A continuaci\u00f3n, Usted decidir\u00e1 qu\u00e9 estrategia desea perseguir. Yo voy a acompa\u00f1ar a Usted, su equipo y\/o su organizaci\u00f3n en este proceso.<\/p>\n<p>Seg\u00fan las necesidades, coopero con otros\u00a0 consultores u otras consultoras.<\/p>\n<p>Mis servicios incluyen:<\/p>\n<ul>\n<li>Facilitaci\u00f3n de talleres (incluso a distancia)<\/li>\n<li>Planificaci\u00f3n estrat\u00e9gica<\/li>\n<li>Evaluaciones y estudios de impacto<\/li>\n<li>Peritajes y estudios de viabilidad<\/li>\n<li>Desarollo de equipo<\/li>\n<li>Formaciones y cursos dedicados a la facilitaci\u00f3n, Mapeo de alcances, igualdad de g\u00e9nero, y diversidad<\/li>\n<li>Monitoreo de proyectos y procesos orientados a impactos<\/li>\n<li>Introducci\u00f3n de Diversity Management e integraci\u00f3n de la dimensi\u00f3n de genero (Gender Mainstreaming) en proyectos y organisaciones<\/li>\n<li>Auditor\u00edas en instituciones sociales.<\/li>\n<\/ul>\n","protected":false},"excerpt":{"rendered":"<p>En todas mis consultorias, sea en Alemania o en el contexto global, empezamos con una clarificaci\u00f3n de su encargo. Despu\u00e9s preparo una oferta a la medida describiendo sus objetivos y como yo puedo apoyarle en conseguirlos. Esta oferta ser\u00e1 la base para nuestro seguimiento de los resultados saliendo del proceso de consultor\u00eda. Es muy importante &hellip;<\/p>\n<p class=\"read-more\"> <a class=\"\" href=\"http:\/\/wordpress.impact-plus.de\/?page_id=497\"> <span class=\"screen-reader-text\">Servicios<\/span> Weiterlesen &raquo;<\/a><\/p>\n","protected":false},"author":1,"featured_media":0,"parent":0,"menu_order":0,"comment_status":"closed","ping_status":"closed","template":"","meta":{"footnotes":""},"class_list":["post-497","page","type-page","status-publish","hentry"],"_links":{"self":[{"href":"http:\/\/wordpress.impact-plus.de\/index.php?rest_route=\/wp\/v2\/pages\/497","targetHints":{"allow":["GET"]}}],"collection":[{"href":"http:\/\/wordpress.impact-plus.de\/index.php?rest_route=\/wp\/v2\/pages"}],"about":[{"href":"http:\/\/wordpress.impact-plus.de\/index.php?rest_route=\/wp\/v2\/types\/page"}],"author":[{"embeddable":true,"href":"http:\/\/wordpress.impact-plus.de\/index.php?rest_route=\/wp\/v2\/users\/1"}],"replies":[{"embeddable":true,"href":"http:\/\/wordpress.impact-plus.de\/index.php?rest_route=%2Fwp%2Fv2%2Fcomments&post=497"}],"version-history":[{"count":4,"href":"http:\/\/wordpress.impact-plus.de\/index.php?rest_route=\/wp\/v2\/pages\/497\/revisions"}],"predecessor-version":[{"id":790,"href":"http:\/\/wordpress.impact-plus.de\/index.php?rest_route=\/wp\/v2\/pages\/497\/revisions\/790"}],"wp:attachment":[{"href":"http:\/\/wordpress.impact-plus.de\/index.php?rest_route=%2Fwp%2Fv2%2Fmedia&parent=497"}],"curies":[{"name":"wp","href":"https:\/\/api.w.org\/{rel}","templated":true}]}}