{"id":501,"date":"2020-06-07T08:11:34","date_gmt":"2020-06-07T08:11:34","guid":{"rendered":"http:\/\/wordpress.impact-plus.de\/?page_id=501"},"modified":"2020-07-15T13:39:15","modified_gmt":"2020-07-15T13:39:15","slug":"areas-tematicos","status":"publish","type":"page","link":"http:\/\/wordpress.impact-plus.de\/?page_id=501","title":{"rendered":"Temas claves"},"content":{"rendered":"<p>En el marco internacional, mis consultorias son especializadas en trabajar en contextos fr\u00e1giles. Los enfoques tem\u00e1ticos son interdisciplinarios y relevantes en la mayor\u00eda de los contextos. Me concentro a la fomentaci\u00f3n de los derechos humanos (enfocando especialmente en los derechos de la mujer), la implementaci\u00f3n de diversidad en organizaciones, la resoluci\u00f3n civil de conflictos (especialmente en situaciones de posguerra) as\u00ed que a la formaci\u00f3n profesional y acad\u00e9mica. Trato todos estos temas desde un punto de vista inclusivo al g\u00e9nero y considero los diversos aspectos que definen a una persona, a equipos y a organizaciones.<\/p>\n<p>Me he especializado en estos temas:<\/p>\n<ul>\n<li>Los derechos humanos como base de mi trabajo<\/li>\n<li>La <a href=\"http:\/\/wordpress.impact-plus.de\/?page_id=867\">diversidad<\/a> como un regalo<\/li>\n<li>La <a href=\"http:\/\/wordpress.impact-plus.de\/?page_id=838&amp;preview_id=838&amp;preview_nonce=57b17ce094&amp;_thumbnail_id=-1&amp;preview=true\">dimension de g\u00e9nero<\/a> como hilo conductor<\/li>\n<li>La educaci\u00f3n y la formaci\u00f3n como condiciones indispensables<\/li>\n<li>La comunicaci\u00f3n no violenta como reto recurrente<\/li>\n<li>La atenci\u00f3n plena como actitud<\/li>\n<li>La sociedad civil como actora central.<\/li>\n<\/ul>\n","protected":false},"excerpt":{"rendered":"<p>En el marco internacional, mis consultorias son especializadas en trabajar en contextos fr\u00e1giles. Los enfoques tem\u00e1ticos son interdisciplinarios y relevantes en la mayor\u00eda de los contextos. Me concentro a la fomentaci\u00f3n de los derechos humanos (enfocando especialmente en los derechos de la mujer), la implementaci\u00f3n de diversidad en organizaciones, la resoluci\u00f3n civil de conflictos (especialmente &hellip;<\/p>\n<p class=\"read-more\"> <a class=\"\" href=\"http:\/\/wordpress.impact-plus.de\/?page_id=501\"> <span class=\"screen-reader-text\">Temas claves<\/span> Weiterlesen &raquo;<\/a><\/p>\n","protected":false},"author":1,"featured_media":0,"parent":0,"menu_order":0,"comment_status":"closed","ping_status":"closed","template":"","meta":{"footnotes":""},"class_list":["post-501","page","type-page","status-publish","hentry"],"_links":{"self":[{"href":"http:\/\/wordpress.impact-plus.de\/index.php?rest_route=\/wp\/v2\/pages\/501","targetHints":{"allow":["GET"]}}],"collection":[{"href":"http:\/\/wordpress.impact-plus.de\/index.php?rest_route=\/wp\/v2\/pages"}],"about":[{"href":"http:\/\/wordpress.impact-plus.de\/index.php?rest_route=\/wp\/v2\/types\/page"}],"author":[{"embeddable":true,"href":"http:\/\/wordpress.impact-plus.de\/index.php?rest_route=\/wp\/v2\/users\/1"}],"replies":[{"embeddable":true,"href":"http:\/\/wordpress.impact-plus.de\/index.php?rest_route=%2Fwp%2Fv2%2Fcomments&post=501"}],"version-history":[{"count":7,"href":"http:\/\/wordpress.impact-plus.de\/index.php?rest_route=\/wp\/v2\/pages\/501\/revisions"}],"predecessor-version":[{"id":872,"href":"http:\/\/wordpress.impact-plus.de\/index.php?rest_route=\/wp\/v2\/pages\/501\/revisions\/872"}],"wp:attachment":[{"href":"http:\/\/wordpress.impact-plus.de\/index.php?rest_route=%2Fwp%2Fv2%2Fmedia&parent=501"}],"curies":[{"name":"wp","href":"https:\/\/api.w.org\/{rel}","templated":true}]}}