{"id":53,"date":"2020-04-07T09:02:01","date_gmt":"2020-04-07T09:02:01","guid":{"rendered":"http:\/\/wordpress.impact-plus.de\/?page_id=53"},"modified":"2020-05-06T09:29:04","modified_gmt":"2020-05-06T09:29:04","slug":"wirkungsorientiertes-monitoring","status":"publish","type":"page","link":"http:\/\/wordpress.impact-plus.de\/?page_id=53","title":{"rendered":"Wirkungsorientiertes Monitoring"},"content":{"rendered":"\r\n<p>F\u00fcr Organisationen der Entwicklungszusammenarbeit mit Fokus auf Menschenrechts-, Friedens- und Genderfragen biete ich Unterst\u00fctzung beim Aufbau von M&amp;E-Systemen an.<\/p>\r\n<p>\u00dcber lange Jahre fokussierten die meisten M&amp;E-Systeme die durchgef\u00fchrten Aktivit\u00e4ten und die erzielten Ergebnisse. Mein Anliegen ist es, den Blick f\u00fcr die Wirkungen der Ma\u00dfnahmen zu sch\u00e4rfen.<\/p>\r\n<p>Zusammen mit der Kundin oder dem Kunden entwickele ich ein ma\u00dfgeschneidertes Konzept, das in die Philosophie, das Wertesystem, die Strukturen und die Abl\u00e4ufe der Organisation passt. Das Wirkungsmonitoring kann dann sehr verschieden gestaltet sein:<\/p>\r\n<ul>\r\n<li>eher quantitativ oder qualitativ<\/li>\r\n<li>eher durch die Zielgruppen oder durch die Projektdurchf\u00fchrenden<\/li>\r\n<li>eher mit bewusstseinsbildenden Instrumenten oder mit reiner Datensammlung<\/li>\r\n<li>eher mit kontinuierlichem Berichten oder mit gelegentlichen Studien.<\/li>\r\n<\/ul>\r\n<p>Ich wende einen Methodenmix an, um die Analyse aus verschiedenen Perspektiven durchf\u00fchren zu k\u00f6nnen.<\/p>\r\n","protected":false},"excerpt":{"rendered":"<p>F\u00fcr Organisationen der Entwicklungszusammenarbeit mit Fokus auf Menschenrechts-, Friedens- und Genderfragen biete ich Unterst\u00fctzung beim Aufbau von M&amp;E-Systemen an. \u00dcber lange Jahre fokussierten die meisten M&amp;E-Systeme die durchgef\u00fchrten Aktivit\u00e4ten und die erzielten Ergebnisse. Mein Anliegen ist es, den Blick f\u00fcr die Wirkungen der Ma\u00dfnahmen zu sch\u00e4rfen. Zusammen mit der Kundin oder dem Kunden entwickele ich &hellip;<\/p>\n<p class=\"read-more\"> <a class=\"\" href=\"http:\/\/wordpress.impact-plus.de\/?page_id=53\"> <span class=\"screen-reader-text\">Wirkungsorientiertes Monitoring<\/span> Weiterlesen &raquo;<\/a><\/p>\n","protected":false},"author":1,"featured_media":0,"parent":0,"menu_order":0,"comment_status":"closed","ping_status":"closed","template":"","meta":{"footnotes":""},"class_list":["post-53","page","type-page","status-publish","hentry"],"_links":{"self":[{"href":"http:\/\/wordpress.impact-plus.de\/index.php?rest_route=\/wp\/v2\/pages\/53","targetHints":{"allow":["GET"]}}],"collection":[{"href":"http:\/\/wordpress.impact-plus.de\/index.php?rest_route=\/wp\/v2\/pages"}],"about":[{"href":"http:\/\/wordpress.impact-plus.de\/index.php?rest_route=\/wp\/v2\/types\/page"}],"author":[{"embeddable":true,"href":"http:\/\/wordpress.impact-plus.de\/index.php?rest_route=\/wp\/v2\/users\/1"}],"replies":[{"embeddable":true,"href":"http:\/\/wordpress.impact-plus.de\/index.php?rest_route=%2Fwp%2Fv2%2Fcomments&post=53"}],"version-history":[{"count":5,"href":"http:\/\/wordpress.impact-plus.de\/index.php?rest_route=\/wp\/v2\/pages\/53\/revisions"}],"predecessor-version":[{"id":230,"href":"http:\/\/wordpress.impact-plus.de\/index.php?rest_route=\/wp\/v2\/pages\/53\/revisions\/230"}],"wp:attachment":[{"href":"http:\/\/wordpress.impact-plus.de\/index.php?rest_route=%2Fwp%2Fv2%2Fmedia&parent=53"}],"curies":[{"name":"wp","href":"https:\/\/api.w.org\/{rel}","templated":true}]}}