{"id":604,"date":"2020-06-15T09:18:15","date_gmt":"2020-06-15T09:18:15","guid":{"rendered":"http:\/\/wordpress.impact-plus.de\/?page_id=604"},"modified":"2021-01-23T10:52:26","modified_gmt":"2021-01-23T10:52:26","slug":"clients","status":"publish","type":"page","link":"http:\/\/wordpress.impact-plus.de\/?page_id=604","title":{"rendered":"Selection of clients"},"content":{"rendered":"<p>This is a selection of my costumers so far (trainings, evaluations, facilitation and planning workshops) in alphabetical order:<\/p>\n<ul>\n<li>Andheri Hilfe, Bonn<\/li>\n<li>Arbeitsgemeinschaft deutscher Bildungstr\u00e4ger, Berlin<\/li>\n<li>AGIAMONDO e.V., K\u00f6ln<\/li>\n<li>Bread for the World, Berlin<\/li>\n<li>Diakonische Werke in Bayern (N\u00fcrnberg) und Baden (Karlsruhe and Konstanz)<\/li>\n<li>Di\u00f6zesanverb\u00e4nde Mainz und Trier<\/li>\n<li>Deutscher Caritasverband e.V., Freiburg<\/li>\n<li>Europa-Zentrum Baden-W\u00fcrttemberg, Stuttgart<\/li>\n<li>Evangelische Akademie Bad Boll<\/li>\n<li>Evang. Werk f\u00fcr Diakonie und Entwicklung, Berlin<\/li>\n<li>Evangelische Frauenarbeit in Deutschland, Frankfurt<\/li>\n<li>Evangelische Landeskirchen Baden, Pfalz, W\u00fcrttemberg<\/li>\n<li>Evangelische Studierendengemeinden Stuttgart und Hamburg<\/li>\n<li>Fl\u00fcchtlingshilfe Mittelamerika e.V., K\u00f6ln<\/li>\n<li>Forum der Kulturen e.V., Stuttgart<\/li>\n<li>Gender-Institut Sachsen-Anhalt, Magdeburg<\/li>\n<li>Deutsche Gesellschaft f\u00fcr Internationale Zusammenarbeit (GIZ) GmbH, Bonn<\/li>\n<li>Internationaler Bund f\u00fcr Sozialarbeit, Konstanz<\/li>\n<li>Instituto Capaz, Gie\u00dfen\/ Bogot\u00e1<\/li>\n<li>Katholische Bischofskonferenz, Aachen<\/li>\n<li>Katholischer Frauendienst Deutschlands, D\u00fcsseldorf<\/li>\n<li>KURVE Wustrow<\/li>\n<li>LandFrauenverband W\u00fcrttemberg-Baden, Stuttgart<\/li>\n<li>MISEREOR, Aachen<\/li>\n<li>Missio, Aachen<\/li>\n<li>Plan:g, Bregenz\/\u00d6sterreich<\/li>\n<li>Engagement Global gGmbH, Bonn<\/li>\n<li>Sozialministerium Baden-W\u00fcrttemberg, Stuttgart<\/li>\n<li>Various municipalities in East- and West Germany<\/li>\n<li>Studienbegleitprogramm f\u00fcr Studierende aus Afrika, Asien, Lateinamerika, Stuttgart\/Berlin<\/li>\n<li>Terre des hommes, Osnabr\u00fcck<\/li>\n<li>Universities of applied sciences in Darmstadt, Freiburg, Konstanz und Ludwigsburg<\/li>\n<li>Universities of T\u00fcbingen and Koblenz-Landau<\/li>\n<li>Volkshochschulverband Baden-W\u00fcrttemberg, Stuttgart<\/li>\n<\/ul>\n","protected":false},"excerpt":{"rendered":"<p>This is a selection of my costumers so far (trainings, evaluations, facilitation and planning workshops) in alphabetical order: Andheri Hilfe, Bonn Arbeitsgemeinschaft deutscher Bildungstr\u00e4ger, Berlin AGIAMONDO e.V., K\u00f6ln Bread for the World, Berlin Diakonische Werke in Bayern (N\u00fcrnberg) und Baden (Karlsruhe and Konstanz) Di\u00f6zesanverb\u00e4nde Mainz und Trier Deutscher Caritasverband e.V., Freiburg Europa-Zentrum Baden-W\u00fcrttemberg, Stuttgart Evangelische &hellip;<\/p>\n<p class=\"read-more\"> <a class=\"\" href=\"http:\/\/wordpress.impact-plus.de\/?page_id=604\"> <span class=\"screen-reader-text\">Selection of clients<\/span> Weiterlesen &raquo;<\/a><\/p>\n","protected":false},"author":1,"featured_media":0,"parent":0,"menu_order":0,"comment_status":"closed","ping_status":"closed","template":"","meta":{"footnotes":""},"class_list":["post-604","page","type-page","status-publish","hentry"],"_links":{"self":[{"href":"http:\/\/wordpress.impact-plus.de\/index.php?rest_route=\/wp\/v2\/pages\/604","targetHints":{"allow":["GET"]}}],"collection":[{"href":"http:\/\/wordpress.impact-plus.de\/index.php?rest_route=\/wp\/v2\/pages"}],"about":[{"href":"http:\/\/wordpress.impact-plus.de\/index.php?rest_route=\/wp\/v2\/types\/page"}],"author":[{"embeddable":true,"href":"http:\/\/wordpress.impact-plus.de\/index.php?rest_route=\/wp\/v2\/users\/1"}],"replies":[{"embeddable":true,"href":"http:\/\/wordpress.impact-plus.de\/index.php?rest_route=%2Fwp%2Fv2%2Fcomments&post=604"}],"version-history":[{"count":7,"href":"http:\/\/wordpress.impact-plus.de\/index.php?rest_route=\/wp\/v2\/pages\/604\/revisions"}],"predecessor-version":[{"id":918,"href":"http:\/\/wordpress.impact-plus.de\/index.php?rest_route=\/wp\/v2\/pages\/604\/revisions\/918"}],"wp:attachment":[{"href":"http:\/\/wordpress.impact-plus.de\/index.php?rest_route=%2Fwp%2Fv2%2Fmedia&parent=604"}],"curies":[{"name":"wp","href":"https:\/\/api.w.org\/{rel}","templated":true}]}}