{"id":699,"date":"2020-06-22T14:09:19","date_gmt":"2020-06-22T14:09:19","guid":{"rendered":"http:\/\/wordpress.impact-plus.de\/?page_id=699"},"modified":"2020-07-14T17:50:50","modified_gmt":"2020-07-14T17:50:50","slug":"experiencias-laborales","status":"publish","type":"page","link":"http:\/\/wordpress.impact-plus.de\/?page_id=699","title":{"rendered":"Experiencias laborales"},"content":{"rendered":"<p>El hilo conductor en mis labores es la dedicaci\u00f3n a la justicia, sea entre hombres y mujeres, pobre y rico, norte y sur.<\/p>\n<p>Despues de pasar varios a\u00f1os ganando experiencia como trabajadora social en barrios pobres en Alemania, me mud\u00e9 hacia Honduras para contribuir al trabajo humanitario en un campamento de refugiados de El Salvador. Es una experiencia que al d\u00eda de hoy me sigue afectando.<\/p>\n<p>Desde 1989 hasta 2018, trabaj\u00e9 en diferentes posiciones y \u2013 m\u00e1s y m\u00e1s a tiempo parcial \u2013 como consultora y asesora del servicio protestante de cooperaci\u00f3n internacionals con un enfoque de derechos de la mujer y derechos humanos, fij\u00e1ndome geogr\u00e1ficamente en Latinoam\u00e9rica.<\/p>\n<p>Paralelamente estudiaba ciencias educativas y hice mi formaci\u00f3n de consultora sist\u00e9mica organizacional.<\/p>\n<p>Estando la encargada de igualdad en la central de la Diacon\u00eda Alemania por diez a\u00f1os establec\u00ed su enfoque en la integraci\u00f3n de la dimensi\u00f3n del g\u00e9nero, oportunidades igualitaria para hombres y mujeres y condiciones laborales complacientes a las familias. Era directora de la secci\u00f3n de integraci\u00f3n a la perspectiva del g\u00e9nero y del Manejo de Diversidad (Diversity Management) de la Universidad de las Ciencias Aplicables de Konstanz igual que de las Mujeres Luteranas en W\u00fcrttemberg. \u00daltimamente he asesorado la Unidad de becas de Pan para el Mundo en su gesti\u00f3n estrat\u00e9gica y su desarrollo de equipo.<\/p>\n<p>Con gusto le mando mi curr\u00edculo completo. Escr\u00edbame en el siguiente correo: <a href=\"mailto:trommer@impact-plus.de\">trommer@impact-plus.de<\/a><\/p>\n","protected":false},"excerpt":{"rendered":"<p>El hilo conductor en mis labores es la dedicaci\u00f3n a la justicia, sea entre hombres y mujeres, pobre y rico, norte y sur. Despues de pasar varios a\u00f1os ganando experiencia como trabajadora social en barrios pobres en Alemania, me mud\u00e9 hacia Honduras para contribuir al trabajo humanitario en un campamento de refugiados de El Salvador. &hellip;<\/p>\n<p class=\"read-more\"> <a class=\"\" href=\"http:\/\/wordpress.impact-plus.de\/?page_id=699\"> <span class=\"screen-reader-text\">Experiencias laborales<\/span> Weiterlesen &raquo;<\/a><\/p>\n","protected":false},"author":1,"featured_media":0,"parent":0,"menu_order":0,"comment_status":"closed","ping_status":"closed","template":"","meta":{"footnotes":""},"class_list":["post-699","page","type-page","status-publish","hentry"],"_links":{"self":[{"href":"http:\/\/wordpress.impact-plus.de\/index.php?rest_route=\/wp\/v2\/pages\/699","targetHints":{"allow":["GET"]}}],"collection":[{"href":"http:\/\/wordpress.impact-plus.de\/index.php?rest_route=\/wp\/v2\/pages"}],"about":[{"href":"http:\/\/wordpress.impact-plus.de\/index.php?rest_route=\/wp\/v2\/types\/page"}],"author":[{"embeddable":true,"href":"http:\/\/wordpress.impact-plus.de\/index.php?rest_route=\/wp\/v2\/users\/1"}],"replies":[{"embeddable":true,"href":"http:\/\/wordpress.impact-plus.de\/index.php?rest_route=%2Fwp%2Fv2%2Fcomments&post=699"}],"version-history":[{"count":2,"href":"http:\/\/wordpress.impact-plus.de\/index.php?rest_route=\/wp\/v2\/pages\/699\/revisions"}],"predecessor-version":[{"id":817,"href":"http:\/\/wordpress.impact-plus.de\/index.php?rest_route=\/wp\/v2\/pages\/699\/revisions\/817"}],"wp:attachment":[{"href":"http:\/\/wordpress.impact-plus.de\/index.php?rest_route=%2Fwp%2Fv2%2Fmedia&parent=699"}],"curies":[{"name":"wp","href":"https:\/\/api.w.org\/{rel}","templated":true}]}}