{"id":719,"date":"2020-06-22T17:02:42","date_gmt":"2020-06-22T17:02:42","guid":{"rendered":"http:\/\/wordpress.impact-plus.de\/?page_id=719"},"modified":"2020-06-22T17:15:19","modified_gmt":"2020-06-22T17:15:19","slug":"paises-e-idiomas","status":"publish","type":"page","link":"http:\/\/wordpress.impact-plus.de\/?page_id=719","title":{"rendered":"Pa\u00edses e idiomas"},"content":{"rendered":"<p>He trabajado en los siguientes paises (evaluaciones, peritajes, talleres de planificaci\u00f3n, consultor\u00edas):<\/p>\n<table width=\"614\">\n<tbody>\n<tr>\n<td width=\"154\"><strong>Am\u00e9rica Latina<br \/>\n<\/strong><\/td>\n<td width=\"154\"><strong>Africa<\/strong><\/td>\n<td width=\"154\"><strong>Asia<\/strong><\/td>\n<td width=\"154\"><strong>Otros<\/strong><\/td>\n<\/tr>\n<tr>\n<td width=\"154\">Colombia<\/p>\n<p>Costa Rica<\/p>\n<p>\u00adEl Salvador<\/p>\n<p>Guatemala<\/p>\n<p>\u00ad\u00adHonduras<\/p>\n<p>\u00ad\u00adM\u00e9xico<\/p>\n<p>Nicaragua<\/p>\n<p>\u00adPer\u00fa<\/td>\n<td width=\"154\">Kenya<\/p>\n<p>\u00adUganda<\/p>\n<p>\u00adSierra Leone<\/p>\n<p>&nbsp;<\/td>\n<td width=\"154\">Cambodia<\/p>\n<p>Filippinas<\/p>\n<p>India<\/p>\n<p>\u00adIndonesia<\/p>\n<p>\u00adMyanmar<\/p>\n<p>Vietnam<\/p>\n<p>\u00ad<\/td>\n<td width=\"154\">\u00adAustria<\/p>\n<p>Russia<\/p>\n<p>\u00adUSA<\/p>\n<p>\u00ad<\/p>\n<p>&nbsp;<\/td>\n<\/tr>\n<\/tbody>\n<\/table>\n<p>Hablo los siguientes idiomas (1 muy bien, 5 regular):<\/p>\n<table width=\"476\">\n<tbody>\n<tr>\n<td width=\"90\"><strong>Idioma<br \/>\n<\/strong><\/td>\n<td width=\"125\"><strong>Leer<\/strong><\/td>\n<td width=\"129\"><strong>Hablar<\/strong><\/td>\n<td width=\"122\"><strong>Escribir<\/strong><\/td>\n<\/tr>\n<tr>\n<td width=\"90\">Alem\u00e1n<\/td>\n<td colspan=\"3\" width=\"380\">Lengua materna<\/td>\n<\/tr>\n<tr>\n<td width=\"90\">Espa\u00f1ol<\/td>\n<td width=\"125\">1<\/td>\n<td width=\"129\">1<\/td>\n<td width=\"122\">2<\/td>\n<\/tr>\n<tr>\n<td width=\"90\">Ingl\u00e9s<\/td>\n<td width=\"125\">1<\/td>\n<td width=\"129\">2<\/td>\n<td width=\"122\">2<\/td>\n<\/tr>\n<tr>\n<td width=\"90\">Franc\u00e9s<\/td>\n<td width=\"125\">4<\/td>\n<td width=\"129\">4<\/td>\n<td width=\"122\">4<\/td>\n<\/tr>\n<\/tbody>\n<\/table>\n","protected":false},"excerpt":{"rendered":"<p>He trabajado en los siguientes paises (evaluaciones, peritajes, talleres de planificaci\u00f3n, consultor\u00edas): Am\u00e9rica Latina Africa Asia Otros Colombia Costa Rica \u00adEl Salvador Guatemala \u00ad\u00adHonduras \u00ad\u00adM\u00e9xico Nicaragua \u00adPer\u00fa Kenya \u00adUganda \u00adSierra Leone &nbsp; Cambodia Filippinas India \u00adIndonesia \u00adMyanmar Vietnam \u00ad \u00adAustria Russia \u00adUSA \u00ad &nbsp; Hablo los siguientes idiomas (1 muy bien, 5 regular): Idioma Leer &hellip;<\/p>\n<p class=\"read-more\"> <a class=\"\" href=\"http:\/\/wordpress.impact-plus.de\/?page_id=719\"> <span class=\"screen-reader-text\">Pa\u00edses e idiomas<\/span> Weiterlesen &raquo;<\/a><\/p>\n","protected":false},"author":1,"featured_media":0,"parent":0,"menu_order":0,"comment_status":"closed","ping_status":"closed","template":"","meta":{"footnotes":""},"class_list":["post-719","page","type-page","status-publish","hentry"],"_links":{"self":[{"href":"http:\/\/wordpress.impact-plus.de\/index.php?rest_route=\/wp\/v2\/pages\/719","targetHints":{"allow":["GET"]}}],"collection":[{"href":"http:\/\/wordpress.impact-plus.de\/index.php?rest_route=\/wp\/v2\/pages"}],"about":[{"href":"http:\/\/wordpress.impact-plus.de\/index.php?rest_route=\/wp\/v2\/types\/page"}],"author":[{"embeddable":true,"href":"http:\/\/wordpress.impact-plus.de\/index.php?rest_route=\/wp\/v2\/users\/1"}],"replies":[{"embeddable":true,"href":"http:\/\/wordpress.impact-plus.de\/index.php?rest_route=%2Fwp%2Fv2%2Fcomments&post=719"}],"version-history":[{"count":6,"href":"http:\/\/wordpress.impact-plus.de\/index.php?rest_route=\/wp\/v2\/pages\/719\/revisions"}],"predecessor-version":[{"id":722,"href":"http:\/\/wordpress.impact-plus.de\/index.php?rest_route=\/wp\/v2\/pages\/719\/revisions\/722"}],"wp:attachment":[{"href":"http:\/\/wordpress.impact-plus.de\/index.php?rest_route=%2Fwp%2Fv2%2Fmedia&parent=719"}],"curies":[{"name":"wp","href":"https:\/\/api.w.org\/{rel}","templated":true}]}}