{"id":827,"date":"2020-07-14T18:36:44","date_gmt":"2020-07-14T18:36:44","guid":{"rendered":"http:\/\/wordpress.impact-plus.de\/?page_id=827"},"modified":"2020-07-14T18:36:44","modified_gmt":"2020-07-14T18:36:44","slug":"calificaciones-claves","status":"publish","type":"page","link":"http:\/\/wordpress.impact-plus.de\/?page_id=827","title":{"rendered":"Calificaciones claves"},"content":{"rendered":"<ul>\n<li>M\u00e1s que 35 a\u00f1os de experiencia laboral en la pol\u00edtica social y de desarrollo en Alemania y en el contexto global<\/li>\n<li>Concepci\u00f3n e implementaci\u00f3n de estudios (de impacto), evaluaciones, investigaci\u00f3n con \u00e9nfasis en derechos humanos, gesti\u00f3n civil de conflictos, capacitaci\u00f3n, empoderamiento de las mujeres y g\u00e9nero y manejo de la diversidad<\/li>\n<li>Promoci\u00f3n de Gender Mainstreaming y procesos de diversidad<\/li>\n<li>Facilitaci\u00f3n de talleres de capacitaci\u00f3n en comunicaci\u00f3n, Mapeo de Alcances, planeamiento estrat\u00e9gico, g\u00e9nero y diversidad en Alemania, Africa, Asia y Am\u00e9rica Latina<\/li>\n<li>Liderazgo y manejo de equipos, grupos de trabajo y gremios<\/li>\n<li>Aplicaci\u00f3n de formas participativas de trabajo (m\u00e9todos de facilitaci\u00f3n, planeaci\u00f3n y evaluaci\u00f3n)<\/li>\n<li>Experiencia pr\u00e1ctica en la introducci\u00f3n de procesos de cambio en administraciones p\u00fablicas y organizaciones no gubernamentales en Alemania y en el \u00e1mbito internacional no europeo<\/li>\n<li>Introducci\u00f3n de gesti\u00f3n de proyectos con orientaci\u00f3n hacia impactos<\/li>\n<li>Altas habilidades comunicativas, tranquilidad y sentido de humor, as\u00ed como la capacidad de creaci\u00f3n de redes y conexiones con diferentes personas y sus respectivos intereses<\/li>\n<\/ul>\n","protected":false},"excerpt":{"rendered":"<p>M\u00e1s que 35 a\u00f1os de experiencia laboral en la pol\u00edtica social y de desarrollo en Alemania y en el contexto global Concepci\u00f3n e implementaci\u00f3n de estudios (de impacto), evaluaciones, investigaci\u00f3n con \u00e9nfasis en derechos humanos, gesti\u00f3n civil de conflictos, capacitaci\u00f3n, empoderamiento de las mujeres y g\u00e9nero y manejo de la diversidad Promoci\u00f3n de Gender Mainstreaming &hellip;<\/p>\n<p class=\"read-more\"> <a class=\"\" href=\"http:\/\/wordpress.impact-plus.de\/?page_id=827\"> <span class=\"screen-reader-text\">Calificaciones claves<\/span> Weiterlesen &raquo;<\/a><\/p>\n","protected":false},"author":1,"featured_media":0,"parent":0,"menu_order":0,"comment_status":"closed","ping_status":"closed","template":"","meta":{"footnotes":""},"class_list":["post-827","page","type-page","status-publish","hentry"],"_links":{"self":[{"href":"http:\/\/wordpress.impact-plus.de\/index.php?rest_route=\/wp\/v2\/pages\/827","targetHints":{"allow":["GET"]}}],"collection":[{"href":"http:\/\/wordpress.impact-plus.de\/index.php?rest_route=\/wp\/v2\/pages"}],"about":[{"href":"http:\/\/wordpress.impact-plus.de\/index.php?rest_route=\/wp\/v2\/types\/page"}],"author":[{"embeddable":true,"href":"http:\/\/wordpress.impact-plus.de\/index.php?rest_route=\/wp\/v2\/users\/1"}],"replies":[{"embeddable":true,"href":"http:\/\/wordpress.impact-plus.de\/index.php?rest_route=%2Fwp%2Fv2%2Fcomments&post=827"}],"version-history":[{"count":1,"href":"http:\/\/wordpress.impact-plus.de\/index.php?rest_route=\/wp\/v2\/pages\/827\/revisions"}],"predecessor-version":[{"id":828,"href":"http:\/\/wordpress.impact-plus.de\/index.php?rest_route=\/wp\/v2\/pages\/827\/revisions\/828"}],"wp:attachment":[{"href":"http:\/\/wordpress.impact-plus.de\/index.php?rest_route=%2Fwp%2Fv2%2Fmedia&parent=827"}],"curies":[{"name":"wp","href":"https:\/\/api.w.org\/{rel}","templated":true}]}}